{"id":21298,"date":"2024-01-24T12:46:01","date_gmt":"2024-01-24T11:46:01","guid":{"rendered":"https:\/\/faesfarma.com\/rdi\/publicaciones-cientificas\/"},"modified":"2024-02-19T14:21:06","modified_gmt":"2024-02-19T13:21:06","slug":"scientific-publications","status":"publish","type":"page","link":"https:\/\/faesfarma.com\/en\/rdi\/scientific-publications\/","title":{"rendered":"Scientific Publications"},"content":{"rendered":"<h2><span class=\"HwtZe\" lang=\"en\"><span class=\"jCAhz ChMk0b\"><span class=\"ryNqvb\">Allergic diseases<\/span><\/span><\/span><\/h2>\n<p>Kuna P, Jutel M, Pulka G, et al. Safety and Tolerability of Bilastine 0.6% Ophthalmic Solution: An 8-Weeks Phase III Study. <em>Clin Ophthalmol<\/em>. 2023;17:735-746. Published 2023 Mar 4. <a href=\"https:\/\/pubmed.ncbi.nlm.nih.gov\/36909350\/\" target=\"_blank\" rel=\"noopener\">doi:10.2147\/OPTH.S398168<\/a><\/p>\n<p>Gomes PJ, Ciolino JB, Arranz P, Hern\u00e1ndez G, Fern\u00e1ndez N. Bilastine 0.6% preservative-free eye drops, a once-daily treatment for allergic conjunctivitis [published online ahead of print, 2023 Feb 21]. <em>J Investig Allergol Clin Immunol<\/em>. 2023;0. <a href=\"https:\/\/pubmed.ncbi.nlm.nih.gov\/36811846\/\" target=\"_blank\" rel=\"noopener\">doi:10.18176\/jiaci.0894<\/a><\/p>\n<p>Gomes PJ, Ciolino JB, Arranz P, Hern\u00e1ndez G, Fern\u00e1ndez N. Efficacy of once-daily ophthalmic bilastine for the treatment of allergic conjunctivitis: a dose-finding study [published online ahead of print, 2022 Mar 1]. <em>J Investig Allergol Clin Immunol<\/em>. 2022;0. <a href=\"https:\/\/pubmed.ncbi.nlm.nih.gov\/35234641\/\" target=\"_blank\" rel=\"noopener\">doi:10.18176\/jiaci.0800<\/a><\/p>\n<p>Ochoa D, Rom\u00e1n M, Belmonte C, et al. Pharmacokinetics and Safety of a Bilastine Once-Daily, Preservative-Free, Ophthalmic Formulation. <em>Adv Ther<\/em>. 2021;38(7):4070-4081. <a href=\"https:\/\/pubmed.ncbi.nlm.nih.gov\/34125400\/\" target=\"_blank\" rel=\"noopener\">doi:10.1007\/s12325-021-01801-y<\/a><\/p>\n<h2><span class=\"HwtZe\" lang=\"en\"><span class=\"jCAhz ChMk0b\"><span class=\"ryNqvb\">Bone and immunomodulation\/vitamin D deficiency<\/span><\/span><\/span><\/h2>\n<p>P\u00e9rez-Castrill\u00f3n JL, Due\u00f1as-Laita A, Brandi ML, et al. Calcifediol is superior to cholecalciferol in improving vitamin D status in postmenopausal women: a randomized trial. <em>J Bone Miner Res<\/em>. 2021;36(10):1967-1978. <a href=\"https:\/\/pubmed.ncbi.nlm.nih.gov\/34101900\/\" target=\"_blank\" rel=\"noopener\">doi:10.1002\/jbmr.4387<\/a><\/p>\n<p>P\u00e9rez-Castrill\u00f3n JL, Due\u00f1as-Laita A, G\u00f3mez-Alonso C, et al. Long-Term Treatment and Effect of Discontinuation of Calcifediol in Postmenopausal Women with Vitamin D Deficiency: A Randomized Trial. J Bone Miner Res. 2023;38(4):471-479. doi:10.1002\/jbmr.4776<\/p>\n<p>P\u00e9rez-Castrillon JL, Usategui-Mart\u00edn R, Pludowski P. Treatment of Vitamin D Deficiency with Calcifediol: Efficacy and Safety Profile and Predictability of Efficacy. <em>Nutrients<\/em>. 2022;14(9):1943. Published 2022 May 5. <a href=\"https:\/\/pubmed.ncbi.nlm.nih.gov\/35565910\/\" target=\"_blank\" rel=\"noopener\">doi:10.3390\/nu14091943<\/a><\/p>\n<h2><span class=\"HwtZe\" lang=\"en\"><span class=\"jCAhz ChMk0b\"><span class=\"ryNqvb\">Other publications<\/span><\/span><\/span><\/h2>\n<p>Arnaud L, Benech P, Greetham L, et al. APOE4 drives inflammation in human astrocytes via TAGLN3 repression and NF-\u03baB activation.\u00a0<em>Cell Rep<\/em>. 2022;40(7):111200. <a href=\"https:\/\/pubmed.ncbi.nlm.nih.gov\/35977506\/\" target=\"_blank\" rel=\"noopener\">doi:10.1016\/j.celrep.2022.111200<\/a><\/p>\n","protected":false},"excerpt":{"rendered":"<p>Allergic diseases Kuna P, Jutel M, Pulka G, et al. Safety and Tolerability of Bilastine 0.6% Ophthalmic Solution: An 8-Weeks Phase III Study. Clin Ophthalmol. 2023;17:735-746. Published 2023 Mar 4. doi:10.2147\/OPTH.S398168 Gomes [&hellip;]<\/p>\n","protected":false},"author":1,"featured_media":0,"parent":17110,"menu_order":0,"comment_status":"closed","ping_status":"closed","template":"templates\/page-default.php","meta":{"_acf_changed":false,"inline_featured_image":false,"footnotes":""},"class_list":["post-21298","page","type-page","status-publish","hentry"],"acf":[],"_links":{"self":[{"href":"https:\/\/faesfarma.com\/en\/wp-json\/wp\/v2\/pages\/21298"}],"collection":[{"href":"https:\/\/faesfarma.com\/en\/wp-json\/wp\/v2\/pages"}],"about":[{"href":"https:\/\/faesfarma.com\/en\/wp-json\/wp\/v2\/types\/page"}],"author":[{"embeddable":true,"href":"https:\/\/faesfarma.com\/en\/wp-json\/wp\/v2\/users\/1"}],"replies":[{"embeddable":true,"href":"https:\/\/faesfarma.com\/en\/wp-json\/wp\/v2\/comments?post=21298"}],"version-history":[{"count":0,"href":"https:\/\/faesfarma.com\/en\/wp-json\/wp\/v2\/pages\/21298\/revisions"}],"up":[{"embeddable":true,"href":"https:\/\/faesfarma.com\/en\/wp-json\/wp\/v2\/pages\/17110"}],"wp:attachment":[{"href":"https:\/\/faesfarma.com\/en\/wp-json\/wp\/v2\/media?parent=21298"}],"curies":[{"name":"wp","href":"https:\/\/api.w.org\/{rel}","templated":true}]}}