{"id":21400,"date":"2024-02-27T09:55:52","date_gmt":"2024-02-27T08:55:52","guid":{"rendered":"https:\/\/faesfarma.com\/?page_id=21400"},"modified":"2025-06-26T21:47:07","modified_gmt":"2025-06-26T19:47:07","slug":"code-of-good-practices","status":"publish","type":"page","link":"https:\/\/faesfarma.com\/en\/code-of-good-practices\/","title":{"rendered":"Code of good practices"},"content":{"rendered":"<p><strong>\u00daltima actualizaci\u00f3n:<\/strong> 27\/06\/2025<\/p>\n<p><strong>1. TRANSPARENCIA<\/strong><\/p>\n<p><strong>Aviso Legal<\/strong><\/p>\n<ul>\n<li>La publicaci\u00f3n de estos datos responde a las obligaciones de transparencia derivadas del C\u00f3digo de Buenas Pr\u00e1cticas de la Industria Farmac\u00e9utica.<\/li>\n<li>De la publicaci\u00f3n de la informaci\u00f3n no se deriva una habilitaci\u00f3n general para que quienes accedan al sitio web puedan llevar acabo un tratamiento adicional de los datos de los profesionales, tales como su cruce con las informaciones publicadas en los sitios web de otros asociados.<\/li>\n<li>El laboratorio ha adoptado niveles de seguridad para evitar la indexaci\u00f3n de la informaci\u00f3n a trav\u00e9s de motores de b\u00fasqueda.<\/li>\n<\/ul>\n<p class=\"p1\"><strong><span class=\"s1\">1.1. Metodolog\u00eda<br \/>\n<\/span><\/strong><\/p>\n<p><a href=\"https:\/\/faesfarma.com\/wp-content\/uploads\/2025\/06\/Metodologia-Proceso-Transparencia-2024.pdf\" target=\"_blank\" rel=\"noopener\">Metodolog\u00eda utilizada en el proceso de transparencia<\/a><\/p>\n<p class=\"p1\"><strong><span class=\"s1\">1.2.\u00a0Colaboraciones con Organizaciones de Pacientes<br \/>\n<\/span><\/strong><\/p>\n<p><a href=\"https:\/\/faesfarma.com\/wp-content\/uploads\/2023\/06\/Colaboraciones-Organizaciones-Pacientes-2022.pdf\" target=\"_blank\" rel=\"noopener\">Datos 2022 (Junio 2023)<\/a><\/p>\n<p><a href=\"https:\/\/faesfarma.com\/wp-content\/uploads\/2024\/06\/Colaboraciones-Organizaciones-Pacientes-2023.pdf\" target=\"_blank\" rel=\"noopener\">Datos 2023 (Junio 2024)<\/a><\/p>\n<p><a href=\"https:\/\/faesfarma.com\/wp-content\/uploads\/2025\/06\/Colaboraciones-Organizaciones-Pacientes-2024.pdf\" target=\"_blank\" rel=\"noopener\">Datos 2024 (Junio 2025)<\/a><\/p>\n<p class=\"p1\"><strong><span class=\"s1\">1.3.\u00a0<\/span><span class=\"s1\">Transferencias de valor a Profesionales Sanitarios \u00a0y Organizaciones Sanitarias<\/span><\/strong><\/p>\n<p><a href=\"https:\/\/faesfarma.com\/datos-transparencia-2022\">Datos 2022 (Junio 2023)<\/a><\/p>\n<p><a href=\"https:\/\/faesfarma.com\/datos-transparencia-2023\">Datos 2023 (Junio 2024)<\/a><\/p>\n<p><a href=\"https:\/\/faesfarma.com\/datos-transparencia-2024\">Datos 2024 (Junio 2025)<\/a><\/p>\n","protected":false},"excerpt":{"rendered":"<p>\u00daltima actualizaci\u00f3n: 27\/06\/2025 1. TRANSPARENCIA Aviso Legal La publicaci\u00f3n de estos datos responde a las obligaciones de transparencia derivadas del C\u00f3digo de Buenas Pr\u00e1cticas de la Industria Farmac\u00e9utica. De la publicaci\u00f3n de [&hellip;]<\/p>\n","protected":false},"author":1,"featured_media":0,"parent":0,"menu_order":35,"comment_status":"closed","ping_status":"closed","template":"templates\/page-default.php","meta":{"_acf_changed":false,"inline_featured_image":false,"footnotes":""},"class_list":["post-21400","page","type-page","status-publish","hentry"],"acf":[],"_links":{"self":[{"href":"https:\/\/faesfarma.com\/en\/wp-json\/wp\/v2\/pages\/21400"}],"collection":[{"href":"https:\/\/faesfarma.com\/en\/wp-json\/wp\/v2\/pages"}],"about":[{"href":"https:\/\/faesfarma.com\/en\/wp-json\/wp\/v2\/types\/page"}],"author":[{"embeddable":true,"href":"https:\/\/faesfarma.com\/en\/wp-json\/wp\/v2\/users\/1"}],"replies":[{"embeddable":true,"href":"https:\/\/faesfarma.com\/en\/wp-json\/wp\/v2\/comments?post=21400"}],"version-history":[{"count":4,"href":"https:\/\/faesfarma.com\/en\/wp-json\/wp\/v2\/pages\/21400\/revisions"}],"predecessor-version":[{"id":22888,"href":"https:\/\/faesfarma.com\/en\/wp-json\/wp\/v2\/pages\/21400\/revisions\/22888"}],"wp:attachment":[{"href":"https:\/\/faesfarma.com\/en\/wp-json\/wp\/v2\/media?parent=21400"}],"curies":[{"name":"wp","href":"https:\/\/api.w.org\/{rel}","templated":true}]}}